{"id":91,"date":"2021-01-13T02:41:35","date_gmt":"2021-01-13T02:41:35","guid":{"rendered":"https:\/\/shtheme.org\/demosd\/logistek\/?page_id=91"},"modified":"2024-04-04T18:28:05","modified_gmt":"2024-04-04T18:28:05","slug":"all-services","status":"publish","type":"page","link":"https:\/\/www.kdrepresentaciones.com\/en\/all-services\/","title":{"rendered":"All Services"},"content":{"rendered":"<div data-elementor-type=\"wp-page\" data-elementor-id=\"91\" class=\"elementor elementor-91\" data-elementor-post-type=\"page\">\n\t\t\t\t\t\t\t\t\t<section class=\"elementor-section elementor-top-section elementor-element elementor-element-d1237f2 elementor-section-height-min-height elementor-section-stretched elementor-section-boxed elementor-section-height-default elementor-section-items-middle\" data-id=\"d1237f2\" data-element_type=\"section\" data-settings=\"{&quot;stretch_section&quot;:&quot;section-stretched&quot;}\">\n\t\t\t\t\t\t\t<div class=\"elementor-background-overlay\"><\/div>\n\t\t\t\t\t\t\t<div class=\"elementor-container elementor-column-gap-default\">\n\t\t\t\t\t<div class=\"elementor-column elementor-col-100 elementor-top-column elementor-element elementor-element-00d68c1\" data-id=\"00d68c1\" data-element_type=\"column\">\n\t\t\t<div class=\"elementor-widget-wrap elementor-element-populated\">\n\t\t\t\t\t\t\t\t<div class=\"elementor-element elementor-element-9cfd1e9 elementor-widget elementor-widget-heading\" data-id=\"9cfd1e9\" data-element_type=\"widget\" data-widget_type=\"heading.default\">\n\t\t\t\t<div class=\"elementor-widget-container\">\n\t\t\t<h2 class=\"elementor-heading-title elementor-size-default\">All services<\/h2>\t\t<\/div>\n\t\t\t\t<\/div>\n\t\t\t\t\t<\/div>\n\t\t<\/div>\n\t\t\t\t\t\t\t<\/div>\n\t\t<\/section>\n\t\t\t\t<section class=\"elementor-section elementor-top-section elementor-element elementor-element-6f766ca elementor-section-full_width elementor-section-height-default elementor-section-height-default\" data-id=\"6f766ca\" data-element_type=\"section\">\n\t\t\t\t\t\t<div class=\"elementor-container elementor-column-gap-no\">\n\t\t\t\t\t<div class=\"elementor-column elementor-col-100 elementor-top-column elementor-element elementor-element-f37be49\" data-id=\"f37be49\" data-element_type=\"column\">\n\t\t\t<div class=\"elementor-widget-wrap elementor-element-populated\">\n\t\t\t\t\t\t\t\t<div class=\"elementor-element elementor-element-242a777 elementor-align-left elementor-widget elementor-widget-pages-services\" data-id=\"242a777\" data-element_type=\"widget\" data-widget_type=\"pages-services.default\">\n\t\t\t\t<div class=\"elementor-widget-container\">\n\t\t\t\n\t\t<section class=\"service-content-area pdt-110 pdb-80\">\n\n\t\t\t<div class=\"section-content\">\n\n\t\t\t\t<div class=\"container\">\n\n\t\t\t\t\t<div class=\"row justify-content-center\">\n\n\t\t\t\t\t\t\n\t\t\t\t\t\t\t<div class=\"col-xl-4 col-lg-6\">\n\n\t\t\t\t\t\t\t\t<div class=\"service-item-box mrb-30\">\n\n\t\t\t\t\t\t\t\t\t<div class=\"service-item-thumb\">\n\n\t\t\t\t\t\t\t\t\t\t<img decoding=\"async\" class=\"img-full\" src=\"https:\/\/www.kdrepresentaciones.com\/wp-content\/uploads\/2023\/12\/service2-4.png\" alt=\"\">\n\n\t\t\t\t\t\t\t\t\t\t<div class=\"service-item-icon\">\n\n\t\t\t\t\t\t\t\t\t\t\t<i class=\"fas fa-solid fa-route\"><\/i>\n\n\t\t\t\t\t\t\t\t\t\t<\/div>\n\n\t\t\t\t\t\t\t\t\t<\/div>\n\n\t\t\t\t\t\t\t\t\t<div class=\"service-item-content\">\n\n\t\t\t\t\t\t\t\t\t\t<div class=\"service-item-title\">\n\n\t\t\t\t\t\t\t\t\t\t\t<a href=\"https:\/\/www.kdrepresentaciones.com\/en\/service\/distribucion\/\"><h3 class=\"mrb-15\">Distribution<\/h3><\/a>\n\n\t\t\t\t\t\t\t\t\t\t<\/div>\n\n\t\t\t\t\t\t\t\t\t\t<div class=\"service-item-para\">\n\n\t\t\t\t\t\t\t\t\t\t\t<p><\/p>\n\n\t\t\t\t\t\t\t\t\t\t<\/div>\n\n\t\t\t\t\t\t\t\t\t\t<div class=\"service-item-link\">\n\n\t\t\t\t\t\t\t\t\t\t\t<a class=\"text-uppercase text-primary-color\" href=\"https:\/\/www.kdrepresentaciones.com\/en\/service\/distribucion\/\">READ MORE<\/a>\n\n\t\t\t\t\t\t\t\t\t\t<\/div>\n\n\t\t\t\t\t\t\t\t\t<\/div>\n\n\t\t\t\t\t\t\t\t<\/div>\n\n\t\t\t\t\t\t\t<\/div>\n\n\t\t\t\t\t\t\n\t\t\t\t\t\t\t<div class=\"col-xl-4 col-lg-6\">\n\n\t\t\t\t\t\t\t\t<div class=\"service-item-box mrb-30\">\n\n\t\t\t\t\t\t\t\t\t<div class=\"service-item-thumb\">\n\n\t\t\t\t\t\t\t\t\t\t<img decoding=\"async\" class=\"img-full\" src=\"https:\/\/www.kdrepresentaciones.com\/wp-content\/uploads\/2023\/01\/service2-3.png\" alt=\"\">\n\n\t\t\t\t\t\t\t\t\t\t<div class=\"service-item-icon\">\n\n\t\t\t\t\t\t\t\t\t\t\t<i class=\"fas fa-solid fa-warehouse\"><\/i>\n\n\t\t\t\t\t\t\t\t\t\t<\/div>\n\n\t\t\t\t\t\t\t\t\t<\/div>\n\n\t\t\t\t\t\t\t\t\t<div class=\"service-item-content\">\n\n\t\t\t\t\t\t\t\t\t\t<div class=\"service-item-title\">\n\n\t\t\t\t\t\t\t\t\t\t\t<a href=\"https:\/\/www.kdrepresentaciones.com\/en\/service\/almacenaje\/\"><h3 class=\"mrb-15\">Storage<\/h3><\/a>\n\n\t\t\t\t\t\t\t\t\t\t<\/div>\n\n\t\t\t\t\t\t\t\t\t\t<div class=\"service-item-para\">\n\n\t\t\t\t\t\t\t\t\t\t\t<p><\/p>\n\n\t\t\t\t\t\t\t\t\t\t<\/div>\n\n\t\t\t\t\t\t\t\t\t\t<div class=\"service-item-link\">\n\n\t\t\t\t\t\t\t\t\t\t\t<a class=\"text-uppercase text-primary-color\" href=\"https:\/\/www.kdrepresentaciones.com\/en\/service\/almacenaje\/\">READ MORE<\/a>\n\n\t\t\t\t\t\t\t\t\t\t<\/div>\n\n\t\t\t\t\t\t\t\t\t<\/div>\n\n\t\t\t\t\t\t\t\t<\/div>\n\n\t\t\t\t\t\t\t<\/div>\n\n\t\t\t\t\t\t\n\t\t\t\t\t\t\t<div class=\"col-xl-4 col-lg-6\">\n\n\t\t\t\t\t\t\t\t<div class=\"service-item-box mrb-30\">\n\n\t\t\t\t\t\t\t\t\t<div class=\"service-item-thumb\">\n\n\t\t\t\t\t\t\t\t\t\t<img decoding=\"async\" class=\"img-full\" src=\"https:\/\/www.kdrepresentaciones.com\/wp-content\/uploads\/2023\/01\/service2-2.png\" alt=\"\">\n\n\t\t\t\t\t\t\t\t\t\t<div class=\"service-item-icon\">\n\n\t\t\t\t\t\t\t\t\t\t\t<i class=\"fas fa-ship\"><\/i>\n\n\t\t\t\t\t\t\t\t\t\t<\/div>\n\n\t\t\t\t\t\t\t\t\t<\/div>\n\n\t\t\t\t\t\t\t\t\t<div class=\"service-item-content\">\n\n\t\t\t\t\t\t\t\t\t\t<div class=\"service-item-title\">\n\n\t\t\t\t\t\t\t\t\t\t\t<a href=\"https:\/\/www.kdrepresentaciones.com\/en\/service\/transporte-maritimo\/\"><h3 class=\"mrb-15\">Ocean freight<\/h3><\/a>\n\n\t\t\t\t\t\t\t\t\t\t<\/div>\n\n\t\t\t\t\t\t\t\t\t\t<div class=\"service-item-para\">\n\n\t\t\t\t\t\t\t\t\t\t\t<p><\/p>\n\n\t\t\t\t\t\t\t\t\t\t<\/div>\n\n\t\t\t\t\t\t\t\t\t\t<div class=\"service-item-link\">\n\n\t\t\t\t\t\t\t\t\t\t\t<a class=\"text-uppercase text-primary-color\" href=\"https:\/\/www.kdrepresentaciones.com\/en\/service\/transporte-maritimo\/\">READ MORE<\/a>\n\n\t\t\t\t\t\t\t\t\t\t<\/div>\n\n\t\t\t\t\t\t\t\t\t<\/div>\n\n\t\t\t\t\t\t\t\t<\/div>\n\n\t\t\t\t\t\t\t<\/div>\n\n\t\t\t\t\t\t\n\t\t\t\t\t\t\t<div class=\"col-xl-4 col-lg-6\">\n\n\t\t\t\t\t\t\t\t<div class=\"service-item-box mrb-30\">\n\n\t\t\t\t\t\t\t\t\t<div class=\"service-item-thumb\">\n\n\t\t\t\t\t\t\t\t\t\t<img decoding=\"async\" class=\"img-full\" src=\"https:\/\/www.kdrepresentaciones.com\/wp-content\/uploads\/2023\/01\/service2-2.png\" alt=\"\">\n\n\t\t\t\t\t\t\t\t\t\t<div class=\"service-item-icon\">\n\n\t\t\t\t\t\t\t\t\t\t\t<i class=\"fas fa-solid fa-file-invoice\"><\/i>\n\n\t\t\t\t\t\t\t\t\t\t<\/div>\n\n\t\t\t\t\t\t\t\t\t<\/div>\n\n\t\t\t\t\t\t\t\t\t<div class=\"service-item-content\">\n\n\t\t\t\t\t\t\t\t\t\t<div class=\"service-item-title\">\n\n\t\t\t\t\t\t\t\t\t\t\t<a href=\"https:\/\/www.kdrepresentaciones.com\/en\/service\/aduanas\/\"><h3 class=\"mrb-15\">Customs<\/h3><\/a>\n\n\t\t\t\t\t\t\t\t\t\t<\/div>\n\n\t\t\t\t\t\t\t\t\t\t<div class=\"service-item-para\">\n\n\t\t\t\t\t\t\t\t\t\t\t<p><\/p>\n\n\t\t\t\t\t\t\t\t\t\t<\/div>\n\n\t\t\t\t\t\t\t\t\t\t<div class=\"service-item-link\">\n\n\t\t\t\t\t\t\t\t\t\t\t<a class=\"text-uppercase text-primary-color\" href=\"https:\/\/www.kdrepresentaciones.com\/en\/service\/aduanas\/\">READ MORE<\/a>\n\n\t\t\t\t\t\t\t\t\t\t<\/div>\n\n\t\t\t\t\t\t\t\t\t<\/div>\n\n\t\t\t\t\t\t\t\t<\/div>\n\n\t\t\t\t\t\t\t<\/div>\n\n\t\t\t\t\t\t\n\t\t\t\t\t\t\t<div class=\"col-xl-4 col-lg-6\">\n\n\t\t\t\t\t\t\t\t<div class=\"service-item-box mrb-30\">\n\n\t\t\t\t\t\t\t\t\t<div class=\"service-item-thumb\">\n\n\t\t\t\t\t\t\t\t\t\t<img decoding=\"async\" class=\"img-full\" src=\"https:\/\/www.kdrepresentaciones.com\/wp-content\/uploads\/2023\/01\/service2-5.png\" alt=\"\">\n\n\t\t\t\t\t\t\t\t\t\t<div class=\"service-item-icon\">\n\n\t\t\t\t\t\t\t\t\t\t\t<i class=\"fas fa-solid fa-truck-moving\"><\/i>\n\n\t\t\t\t\t\t\t\t\t\t<\/div>\n\n\t\t\t\t\t\t\t\t\t<\/div>\n\n\t\t\t\t\t\t\t\t\t<div class=\"service-item-content\">\n\n\t\t\t\t\t\t\t\t\t\t<div class=\"service-item-title\">\n\n\t\t\t\t\t\t\t\t\t\t\t<a href=\"https:\/\/www.kdrepresentaciones.com\/en\/service\/transporte-intermodal\/\"><h3 class=\"mrb-15\">Intermodal shipping<\/h3><\/a>\n\n\t\t\t\t\t\t\t\t\t\t<\/div>\n\n\t\t\t\t\t\t\t\t\t\t<div class=\"service-item-para\">\n\n\t\t\t\t\t\t\t\t\t\t\t<p><\/p>\n\n\t\t\t\t\t\t\t\t\t\t<\/div>\n\n\t\t\t\t\t\t\t\t\t\t<div class=\"service-item-link\">\n\n\t\t\t\t\t\t\t\t\t\t\t<a class=\"text-uppercase text-primary-color\" href=\"https:\/\/www.kdrepresentaciones.com\/en\/service\/transporte-intermodal\/\">READ MORE<\/a>\n\n\t\t\t\t\t\t\t\t\t\t<\/div>\n\n\t\t\t\t\t\t\t\t\t<\/div>\n\n\t\t\t\t\t\t\t\t<\/div>\n\n\t\t\t\t\t\t\t<\/div>\n\n\t\t\t\t\t\t\n\t\t\t\t\t\t\t<div class=\"col-xl-4 col-lg-6\">\n\n\t\t\t\t\t\t\t\t<div class=\"service-item-box mrb-30\">\n\n\t\t\t\t\t\t\t\t\t<div class=\"service-item-thumb\">\n\n\t\t\t\t\t\t\t\t\t\t<img decoding=\"async\" class=\"img-full\" src=\"https:\/\/www.kdrepresentaciones.com\/wp-content\/uploads\/2023\/01\/service2-1.png\" alt=\"\">\n\n\t\t\t\t\t\t\t\t\t\t<div class=\"service-item-icon\">\n\n\t\t\t\t\t\t\t\t\t\t\t<i class=\"fas fa-shipping-fast\"><\/i>\n\n\t\t\t\t\t\t\t\t\t\t<\/div>\n\n\t\t\t\t\t\t\t\t\t<\/div>\n\n\t\t\t\t\t\t\t\t\t<div class=\"service-item-content\">\n\n\t\t\t\t\t\t\t\t\t\t<div class=\"service-item-title\">\n\n\t\t\t\t\t\t\t\t\t\t\t<a href=\"https:\/\/www.kdrepresentaciones.com\/en\/service\/transporte-terrestre\/\"><h3 class=\"mrb-15\">Ground Transportation<\/h3><\/a>\n\n\t\t\t\t\t\t\t\t\t\t<\/div>\n\n\t\t\t\t\t\t\t\t\t\t<div class=\"service-item-para\">\n\n\t\t\t\t\t\t\t\t\t\t\t<p><\/p>\n\n\t\t\t\t\t\t\t\t\t\t<\/div>\n\n\t\t\t\t\t\t\t\t\t\t<div class=\"service-item-link\">\n\n\t\t\t\t\t\t\t\t\t\t\t<a class=\"text-uppercase text-primary-color\" href=\"https:\/\/www.kdrepresentaciones.com\/en\/service\/transporte-terrestre\/\">READ MORE<\/a>\n\n\t\t\t\t\t\t\t\t\t\t<\/div>\n\n\t\t\t\t\t\t\t\t\t<\/div>\n\n\t\t\t\t\t\t\t\t<\/div>\n\n\t\t\t\t\t\t\t<\/div>\n\n\t\t\t\t\t\t\n\t\t\t\t\t\t\t<div class=\"col-xl-4 col-lg-6\">\n\n\t\t\t\t\t\t\t\t<div class=\"service-item-box mrb-30\">\n\n\t\t\t\t\t\t\t\t\t<div class=\"service-item-thumb\">\n\n\t\t\t\t\t\t\t\t\t\t<img decoding=\"async\" class=\"img-full\" src=\"https:\/\/www.kdrepresentaciones.com\/wp-content\/uploads\/2023\/01\/service2.png\" alt=\"\">\n\n\t\t\t\t\t\t\t\t\t\t<div class=\"service-item-icon\">\n\n\t\t\t\t\t\t\t\t\t\t\t<i class=\"fas fa-plane-departure\"><\/i>\n\n\t\t\t\t\t\t\t\t\t\t<\/div>\n\n\t\t\t\t\t\t\t\t\t<\/div>\n\n\t\t\t\t\t\t\t\t\t<div class=\"service-item-content\">\n\n\t\t\t\t\t\t\t\t\t\t<div class=\"service-item-title\">\n\n\t\t\t\t\t\t\t\t\t\t\t<a href=\"https:\/\/www.kdrepresentaciones.com\/en\/service\/transporte-aereo\/\"><h3 class=\"mrb-15\">Air freight<\/h3><\/a>\n\n\t\t\t\t\t\t\t\t\t\t<\/div>\n\n\t\t\t\t\t\t\t\t\t\t<div class=\"service-item-para\">\n\n\t\t\t\t\t\t\t\t\t\t\t<p><\/p>\n\n\t\t\t\t\t\t\t\t\t\t<\/div>\n\n\t\t\t\t\t\t\t\t\t\t<div class=\"service-item-link\">\n\n\t\t\t\t\t\t\t\t\t\t\t<a class=\"text-uppercase text-primary-color\" href=\"https:\/\/www.kdrepresentaciones.com\/en\/service\/transporte-aereo\/\">READ MORE<\/a>\n\n\t\t\t\t\t\t\t\t\t\t<\/div>\n\n\t\t\t\t\t\t\t\t\t<\/div>\n\n\t\t\t\t\t\t\t\t<\/div>\n\n\t\t\t\t\t\t\t<\/div>\n\n\t\t\t\t\t\t \n\n\t\t\t\t\t<\/div>\n\n\t\t\t\t<\/div>\n\n\t\t\t<\/div>\n\n\t\t<\/section>\n\n\t\t\t<\/div>\n\t\t\t\t<\/div>\n\t\t\t\t\t<\/div>\n\t\t<\/div>\n\t\t\t\t\t\t\t<\/div>\n\t\t<\/section>\n\t\t\t\t<section class=\"elementor-section elementor-top-section elementor-element elementor-element-df10f34 elementor-section-full_width elementor-section-height-default elementor-section-height-default\" data-id=\"df10f34\" data-element_type=\"section\">\n\t\t\t\t\t\t<div class=\"elementor-container elementor-column-gap-no\">\n\t\t\t\t\t<div class=\"elementor-column elementor-col-100 elementor-top-column elementor-element elementor-element-d101bf0\" data-id=\"d101bf0\" data-element_type=\"column\">\n\t\t\t<div class=\"elementor-widget-wrap elementor-element-populated\">\n\t\t\t\t\t\t\t\t<div class=\"elementor-element elementor-element-84b8c51 elementor-align-left elementor-widget elementor-widget-home-1-counter\" data-id=\"84b8c51\" data-element_type=\"widget\" data-widget_type=\"home-1-counter.default\">\n\t\t\t\t<div class=\"elementor-widget-container\">\n\t\t\t\n\t\t\t\t<section class=\"person-object pdt-110 pdb-80\" data-background=\"https:\/\/shtheme.org\/demosd\/logistek\/wp-content\/uploads\/2021\/04\/1.jpg\" data-overlay-dark=\"1\">\n\t\t\n\t\t\t<div class=\"section-content\">\n\n\t\t\t\t<div class=\"container\">\n\n\t\t\t\t\t<div class=\"row\">\n\n\t\t\t\t\t\t<div class=\"col-lg-6 col-xl-5 mrb-sm-110 mrb-lg-30\">\n\n\t\t\t\t\t\t\t<div class=\"request-a-call-back-form bg-white mrt--235 mrl--160\">\n\t\t\t\t\t\t\t\t\t\t\t\t\t\t\t\t<h2 class=\"mrt-0 mrb-40 solid-side-line\">Request a quote<\/h2>\n\t\t\t\t\t\t\t\t\n\t\t\t\t\t\t\t\t\t\t\t\t\t\t\t\t\n<div class=\"wpcf7 no-js\" id=\"wpcf7-f130-o1\" lang=\"en-US\" dir=\"ltr\">\n<div class=\"screen-reader-response\"><p role=\"status\" aria-live=\"polite\" aria-atomic=\"true\"><\/p> <ul><\/ul><\/div>\n<form action=\"\/en\/wp-json\/wp\/v2\/pages\/91#wpcf7-f130-o1\" method=\"post\" class=\"wpcf7-form init\" aria-label=\"Contact form\" novalidate=\"novalidate\" data-status=\"init\" data-trp-original-action=\"\/en\/wp-json\/wp\/v2\/pages\/91#wpcf7-f130-o1\">\n<div style=\"display: none;\">\n<input type=\"hidden\" name=\"_wpcf7\" value=\"130\" \/>\n<input type=\"hidden\" name=\"_wpcf7_version\" value=\"5.8.6\" \/>\n<input type=\"hidden\" name=\"_wpcf7_locale\" value=\"en_US\" \/>\n<input type=\"hidden\" name=\"_wpcf7_unit_tag\" value=\"wpcf7-f130-o1\" \/>\n<input type=\"hidden\" name=\"_wpcf7_container_post\" value=\"0\" \/>\n<input type=\"hidden\" name=\"_wpcf7_posted_data_hash\" value=\"\" \/>\n<\/div>\n<div>\n\t<div class=\"row\">\n\t\t<div class=\"col-lg-12\">\n\t\t\t<div class=\"form-group\">\n\t\t\t\t<p><span class=\"wpcf7-form-control-wrap\" data-name=\"your-name\"><input size=\"40\" class=\"wpcf7-form-control wpcf7-text wpcf7-validates-as-required form-control\" aria-required=\"true\" aria-invalid=\"false\" placeholder=\"Name\" value=\"\" type=\"text\" name=\"your-name\" \/><\/span>\n\t\t\t\t<\/p>\n\t\t\t<\/div>\n\t\t<\/div>\n\t\t<div class=\"col-lg-12\">\n\t\t\t<div class=\"form-group\">\n\t\t\t\t<p><span class=\"wpcf7-form-control-wrap\" data-name=\"your-phone\"><input size=\"40\" class=\"wpcf7-form-control wpcf7-text wpcf7-validates-as-required form-control\" aria-required=\"true\" aria-invalid=\"false\" placeholder=\"Phone\" value=\"\" type=\"text\" name=\"your-phone\" \/><\/span>\n\t\t\t\t<\/p>\n\t\t\t<\/div>\n\t\t<\/div>\n\t\t<div class=\"col-lg-12\">\n\t\t\t<div class=\"form-group\">\n\t\t\t\t<p><span class=\"wpcf7-form-control-wrap\" data-name=\"your-email\"><input size=\"40\" class=\"wpcf7-form-control wpcf7-email wpcf7-validates-as-required wpcf7-text wpcf7-validates-as-email form-control\" aria-required=\"true\" aria-invalid=\"false\" placeholder=\"E-mail\" value=\"\" type=\"email\" name=\"your-email\" \/><\/span>\n\t\t\t\t<\/p>\n\t\t\t<\/div>\n\t\t<\/div>\n\t\t<div class=\"col-lg-12\">\n\t\t\t<div class=\"form-group\">\n\t\t\t\t<p><span class=\"wpcf7-form-control-wrap\" data-name=\"Seleccionar\"><select class=\"wpcf7-form-control wpcf7-select wpcf7-validates-as-required custom-select-categories\" aria-required=\"true\" aria-invalid=\"false\" name=\"Seleccionar\"><option value=\"\">&#8212;Please choose an option&#8212;<\/option><option value=\"Distribuci\u00f3n\">Distribution<\/option><option value=\"Almacenaje\">Storage<\/option><option value=\"Transporte Mar\u00edtimo\">Ocean freight<\/option><option value=\"Aduanas\">Customs<\/option><option value=\"Transporte Intermodal\">Intermodal shipping<\/option><option value=\"Transporte Terrestre\">Ground Transportation<\/option><option value=\"Transporte A\u00e9reo\">Air freight<\/option><\/select><\/span>\n\t\t\t\t<\/p>\n\t\t\t<\/div>\n\t\t<\/div>\n\t\t<div class=\"col-lg-12\">\n\t\t\t<div class=\"form-group mrb-30\">\n\t\t\t\t<p><input class=\"wpcf7-form-control wpcf7-submit has-spinner cs-btn-one btn-primary-color btn-md\" type=\"submit\" value=\"Send request\" \/>\n\t\t\t\t<\/p>\n\t\t\t<\/div>\n\t\t<\/div>\n\t<\/div>\n<\/div><div class=\"wpcf7-response-output\" aria-hidden=\"true\"><\/div>\n<input type=\"hidden\" name=\"trp-form-language\" value=\"en\"\/><\/form>\n<\/div>\n\t\t\t\t\t\t\t\t\n\t\t\t\t\t\t\t<\/div>\n\n\t\t\t\t\t\t<\/div>\n\n\t\t\t\t\t\t<div class=\"col-lg-12 col-xl-7\">\n\n\t\t\t\t\t\t\t<div class=\"row\">\n\n\t\t\t\t\t\t\t\t\n\t\t\t\t\t\t\t\t\t<div class=\"col-md-6 col-lg-6 col-xl-6\">\n\n\t\t\t\t\t\t\t\t\t\t<div class=\"funfact js-tilt mrb-30\">\n\n\t\t\t\t\t\t\t\t\t\t\t\t\t\t\t\t\t\t\t\t\t\t\t<div class=\"icon\">\n\t\t\t\t\t\t\t\t\t\t\t\t\t<span class=\"webexflaticon flaticon-globe\"><\/span>\n\t\t\t\t\t\t\t\t\t\t\t\t<\/div>\n\t\t\t\t\t\t\t\t\t\t\t\n\t\t\t\t\t\t\t\t\t\t\t\t\t\t\t\t\t\t\t\t\t\t\t<h2 class=\"counter\">15<\/h2>\n\t\t\t\t\t\t\t\t\t\t\t\n\t\t\t\t\t\t\t\t\t\t\t\t\t\t\t\t\t\t\t\t\t\t\t<h5 class=\"title\">Countries <\/h5>\n\t\t\t\t\t\t\t\t\t\t\t\n\t\t\t\t\t\t\t\t\t\t<\/div>\n\n\t\t\t\t\t\t\t\t\t<\/div>\n\n\t\t\t\t\t\t\t\t\n\t\t\t\t\t\t\t\t\t<div class=\"col-md-6 col-lg-6 col-xl-6\">\n\n\t\t\t\t\t\t\t\t\t\t<div class=\"funfact js-tilt mrb-30\">\n\n\t\t\t\t\t\t\t\t\t\t\t\t\t\t\t\t\t\t\t\t\t\t\t<div class=\"icon\">\n\t\t\t\t\t\t\t\t\t\t\t\t\t<span class=\"webexflaticon flaticon-man-2\"><\/span>\n\t\t\t\t\t\t\t\t\t\t\t\t<\/div>\n\t\t\t\t\t\t\t\t\t\t\t\n\t\t\t\t\t\t\t\t\t\t\t\t\t\t\t\t\t\t\t\t\t\t\t<h2 class=\"counter\">10<\/h2>\n\t\t\t\t\t\t\t\t\t\t\t\n\t\t\t\t\t\t\t\t\t\t\t\t\t\t\t\t\t\t\t\t\t\t\t<h5 class=\"title\">Strategic alliances <\/h5>\n\t\t\t\t\t\t\t\t\t\t\t\n\t\t\t\t\t\t\t\t\t\t<\/div>\n\n\t\t\t\t\t\t\t\t\t<\/div>\n\n\t\t\t\t\t\t\t\t\n\t\t\t\t\t\t\t<\/div>\n\n\t\t\t\t\t\t<\/div>\n\n\t\t\t\t\t\t<div class=\"col\"><\/div>\n\n\t\t\t\t\t<\/div>\n\n\t\t\t\t<\/div>\n\n\t\t\t<\/div>\n\n\t\t<\/section>\n\t\t\t<\/div>\n\t\t\t\t<\/div>\n\t\t\t\t\t<\/div>\n\t\t<\/div>\n\t\t\t\t\t\t\t<\/div>\n\t\t<\/section>\n\t\t\t\t\t\t\t<\/div>","protected":false},"excerpt":{"rendered":"<p>Todos los servicios Distribuci\u00f3n LEER M\u00c1S Almacenaje LEER M\u00c1S Transporte Mar\u00edtimo LEER M\u00c1S Aduanas LEER M\u00c1S Transporte Intermodal LEER M\u00c1S Transporte Terrestre LEER M\u00c1S Transporte A\u00e9reo LEER M\u00c1S Solicite un presupuesto &#8212;Please choose an option&#8212;Distribuci\u00f3nAlmacenajeTransporte Mar\u00edtimoAduanasTransporte IntermodalTransporte TerrestreTransporte A\u00e9reo 15 Pa\u00edses 10 Alianzas estrat\u00e9gicas<\/p>","protected":false},"author":1,"featured_media":0,"parent":0,"menu_order":0,"comment_status":"closed","ping_status":"closed","template":"page-templates\/home.php","meta":{"inline_featured_image":false,"footnotes":""},"class_list":["post-91","page","type-page","status-publish","hentry"],"_links":{"self":[{"href":"https:\/\/www.kdrepresentaciones.com\/en\/wp-json\/wp\/v2\/pages\/91","targetHints":{"allow":["GET"]}}],"collection":[{"href":"https:\/\/www.kdrepresentaciones.com\/en\/wp-json\/wp\/v2\/pages"}],"about":[{"href":"https:\/\/www.kdrepresentaciones.com\/en\/wp-json\/wp\/v2\/types\/page"}],"author":[{"embeddable":true,"href":"https:\/\/www.kdrepresentaciones.com\/en\/wp-json\/wp\/v2\/users\/1"}],"replies":[{"embeddable":true,"href":"https:\/\/www.kdrepresentaciones.com\/en\/wp-json\/wp\/v2\/comments?post=91"}],"version-history":[{"count":25,"href":"https:\/\/www.kdrepresentaciones.com\/en\/wp-json\/wp\/v2\/pages\/91\/revisions"}],"predecessor-version":[{"id":847,"href":"https:\/\/www.kdrepresentaciones.com\/en\/wp-json\/wp\/v2\/pages\/91\/revisions\/847"}],"wp:attachment":[{"href":"https:\/\/www.kdrepresentaciones.com\/en\/wp-json\/wp\/v2\/media?parent=91"}],"curies":[{"name":"wp","href":"https:\/\/api.w.org\/{rel}","templated":true}]}}