{"id":120,"date":"2021-01-13T03:57:45","date_gmt":"2021-01-13T03:57:45","guid":{"rendered":"https:\/\/shtheme.org\/demosd\/logistek\/?page_id=120"},"modified":"2024-04-04T18:27:05","modified_gmt":"2024-04-04T18:27:05","slug":"quienes-somos","status":"publish","type":"page","link":"https:\/\/www.kdrepresentaciones.com\/en\/quienes-somos\/","title":{"rendered":"About Us"},"content":{"rendered":"<div data-elementor-type=\"wp-page\" data-elementor-id=\"120\" class=\"elementor elementor-120\" data-elementor-post-type=\"page\">\n\t\t\t\t\t\t\t\t\t<section class=\"elementor-section elementor-top-section elementor-element elementor-element-91f8399 elementor-section-height-min-height elementor-section-stretched elementor-section-boxed elementor-section-height-default elementor-section-items-middle\" data-id=\"91f8399\" data-element_type=\"section\" data-settings=\"{&quot;stretch_section&quot;:&quot;section-stretched&quot;}\">\n\t\t\t\t\t\t\t<div class=\"elementor-background-overlay\"><\/div>\n\t\t\t\t\t\t\t<div class=\"elementor-container elementor-column-gap-default\">\n\t\t\t\t\t<div class=\"elementor-column elementor-col-100 elementor-top-column elementor-element elementor-element-3b490ea\" data-id=\"3b490ea\" data-element_type=\"column\">\n\t\t\t<div class=\"elementor-widget-wrap elementor-element-populated\">\n\t\t\t\t\t\t\t\t<div class=\"elementor-element elementor-element-2c4090b elementor-widget elementor-widget-heading\" data-id=\"2c4090b\" data-element_type=\"widget\" data-widget_type=\"heading.default\">\n\t\t\t\t<div class=\"elementor-widget-container\">\n\t\t\t<h2 class=\"elementor-heading-title elementor-size-default\">About Us<\/h2>\t\t<\/div>\n\t\t\t\t<\/div>\n\t\t\t\t\t<\/div>\n\t\t<\/div>\n\t\t\t\t\t\t\t<\/div>\n\t\t<\/section>\n\t\t\t\t<section class=\"elementor-section elementor-top-section elementor-element elementor-element-2be9565 elementor-section-full_width elementor-section-height-default elementor-section-height-default\" data-id=\"2be9565\" data-element_type=\"section\">\n\t\t\t\t\t\t<div class=\"elementor-container elementor-column-gap-no\">\n\t\t\t\t\t<div class=\"elementor-column elementor-col-100 elementor-top-column elementor-element elementor-element-a476f51\" data-id=\"a476f51\" data-element_type=\"column\">\n\t\t\t<div class=\"elementor-widget-wrap elementor-element-populated\">\n\t\t\t\t\t\t\t\t<div class=\"elementor-element elementor-element-6e73420 elementor-align-left elementor-widget elementor-widget-page-about\" data-id=\"6e73420\" data-element_type=\"widget\" data-widget_type=\"page-about.default\">\n\t\t\t\t<div class=\"elementor-widget-container\">\n\t\t\t\r\n\t\t\t\t<section class=\"about-section anim-object pdt-110 pdb-170 pdb-lg-110\" data-background=\"https:\/\/shtheme.org\/demosd\/logistek\/wp-content\/uploads\/2021\/04\/abs-bg1.png\">\r\n\t\t\r\n\t\t\t<div class=\"container\">\r\n\r\n\t\t\t\t<div class=\"row align-items-center\">\r\n\r\n\t\t\t\t\t<div class=\"col-md-12 col-xl-6\">\r\n\r\n\t\t\t\t\t\t<div class=\"about-image-box mrr-60 mrr-lg-0 mrb-lg-110\">\r\n\r\n\t\t\t\t\t\t\t\t\t\t\t\t\t\t<img decoding=\"async\" class=\"about-image1 img-full js-tilt d-none d-xl-block\" src=\"https:\/\/shtheme.org\/demosd\/logistek\/wp-content\/uploads\/2021\/04\/ab2.jpg\" alt=\"\">\r\n\t\t\t\t\t\t\t\r\n\t\t\t\t\t\t\t\t\t\t\t\t\t\t<img decoding=\"async\" class=\"about-image2 img-full\" src=\"https:\/\/shtheme.org\/demosd\/logistek\/wp-content\/uploads\/2021\/04\/ab3.jpg\" alt=\"\">\r\n\t\t\t\t\t\t\t\r\n\t\t\t\t\t\t\t\t\t\t\t\t\t\t<div class=\"experience\"><h4>30+<\/h4><p>Years of experience behind us<\/p><\/div>\r\n\t\t\t\t\t\t\t\r\n\t\t\t\t\t\t<\/div>\r\n\r\n\t\t\t\t\t<\/div>\r\n\r\n\t\t\t\t\t<div class=\"col-md-12 col-xl-6 pdl-60\">\r\n\r\n\t\t\t\t\t\t\t\t\t\t\t\t<h5 class=\"side-line-left text-primary-color mrb-15\">Our company<\/h5>\r\n\t\t\t\t\t\t\r\n\t\t\t\t\t\t\t\t\t\t\t\t<h2 class=\"text-uppercase mrb-30\">K&amp;D Representaciones<\/h2>\r\n\t\t\t\t\t\t\r\n\t\t\t\t\t\t\r\n\t\t\t\t\t\t\t\t\t\t\t\t<p class=\"mrb-40\"><p style=\"text-align: justify\">We are a family business that provides comprehensive logistics solutions designed to meet each client's specific needs. We offer a highly personalized, transparent, and results-oriented service; we are committed to optimizing your operations, reducing costs, and improving the efficiency of your supply chain.<\/p>\n<p style=\"text-align: justify\">Our team of logistics experts is dedicated to thoroughly understanding your business and your objectives. We propose tailored solutions that address our client's specific challenges, ensuring dynamic collaboration and a solid long-term relationship.<\/p>\n<p style=\"text-align: justify\">We offer logistics services that exceed conventional expectations. We are committed to the success of our clients and work tirelessly to become their strategic and trusted partners.<\/p>\n<p style=\"text-align: justify\">As a company, we are committed to helping our employees develop their talents and strengths with a work environment created and strengthened by themselves. Helping to improve our community and getting involved in our society is the only way to support the growth and development of our country.<\/p><\/p>\r\n\t\t\t\t\t\t\r\n\t\t\t\t\t\t<div class=\"d-inline d-md-flex align-items-center mt-40\">\r\n\r\n\t\t\t\t\t\t\t\r\n\t\t\t\t\t\t\t\r\n\t\t\t\t\t\t<\/div>\r\n\r\n\t\t\t\t\t<\/div>\r\n\r\n\t\t\t\t<\/div>\r\n\r\n\t\t\t<\/div>\r\n\r\n\t\t<\/section>\r\n\r\n\t\t\t<\/div>\n\t\t\t\t<\/div>\n\t\t\t\t\t<\/div>\n\t\t<\/div>\n\t\t\t\t\t\t\t<\/div>\n\t\t<\/section>\n\t\t\t\t<section class=\"elementor-section elementor-top-section elementor-element elementor-element-64c83ef elementor-section-full_width elementor-section-height-default elementor-section-height-default\" data-id=\"64c83ef\" data-element_type=\"section\">\n\t\t\t\t\t\t<div class=\"elementor-container elementor-column-gap-no\">\n\t\t\t\t\t<div class=\"elementor-column elementor-col-100 elementor-top-column elementor-element elementor-element-e139787\" data-id=\"e139787\" data-element_type=\"column\">\n\t\t\t<div class=\"elementor-widget-wrap elementor-element-populated\">\n\t\t\t\t\t\t\t\t<div class=\"elementor-element elementor-element-eff5db8 elementor-align-justify elementor-widget elementor-widget-home-1-choose\" data-id=\"eff5db8\" data-element_type=\"widget\" data-widget_type=\"home-1-choose.default\">\n\t\t\t\t<div class=\"elementor-widget-container\">\n\t\t\t\n\t\t\t\t<section class=\"pdt-90 bg-pos-center-center\" data-background=\"https:\/\/shtheme.org\/demosd\/logistek\/wp-content\/uploads\/2021\/04\/3.jpg\" data-overlay-dark=\"6\">\n\t\t\n\t\t\t<div class=\"section-content\">\n\n\t\t\t\t<div class=\"container-fluid\">\n\n\t\t\t\t\t<div class=\"row justify-content-start\">\n\n\t\t\t\t\t\t<div class=\"col-md-12 col-lg-6 col-xl-6\">\n\n\t\t\t\t\t\t\t\t\t\t\t\t\t\t<div class=\"about-image-block-3\">\n\t\t\t\t\t\t\t\t<img decoding=\"async\" class=\"left-infinite-img img-full\" src=\"https:\/\/www.kdrepresentaciones.com\/wp-content\/uploads\/2023\/12\/service2-8.png\" alt=\"\">\n\t\t\t\t\t\t\t<\/div>\n\t\t\t\t\t\t\t\n\t\t\t\t\t\t<\/div>\n\n\t\t\t\t\t\t<div class=\"col-md-12 col-lg-6 col-xl-4 p-md-5 pd-sm-25 pdt-30\">\n\n\t\t\t\t\t\t\t\n\t\t\t\t\t\t\t\t\t\t\t\t\t\t<h2 class=\"text-white mrb-30\">We have experience in different sectors: <\/h2>\n\t\t\t\t\t\t\t\n\t\t\t\t\t\t\t\t\t\t\t\t\t\t<p class=\"text-white mrb-40\">1. Industry\n<br>\n2. Commerce\n<br>\n\n3. Technology \n<br>\n\n4. Telecommunications\n<br>\n\n5. Textile and Perishables<\/p>\n\t\t\t\t\t\t\t\n\t\t\t\t\t\t\t\n\t\t\t\t\t\t<\/div>\n\n\t\t\t\t\t<\/div>\n\n\t\t\t\t<\/div>\n\n\t\t\t<\/div>\n\n\t\t<\/section>\n\t\t\t<\/div>\n\t\t\t\t<\/div>\n\t\t\t\t\t<\/div>\n\t\t<\/div>\n\t\t\t\t\t\t\t<\/div>\n\t\t<\/section>\n\t\t\t\t<section class=\"elementor-section elementor-top-section elementor-element elementor-element-2ece8543 elementor-section-boxed elementor-section-height-default elementor-section-height-default\" data-id=\"2ece8543\" data-element_type=\"section\">\n\t\t\t\t\t\t<div class=\"elementor-container elementor-column-gap-default\">\n\t\t\t\t\t<div class=\"elementor-column elementor-col-50 elementor-top-column elementor-element elementor-element-dd647d6\" data-id=\"dd647d6\" data-element_type=\"column\">\n\t\t\t<div class=\"elementor-widget-wrap elementor-element-populated\">\n\t\t\t\t\t\t\t\t<div class=\"elementor-element elementor-element-241079ed elementor-widget elementor-widget-heading\" data-id=\"241079ed\" data-element_type=\"widget\" data-widget_type=\"heading.default\">\n\t\t\t\t<div class=\"elementor-widget-container\">\n\t\t\t<h2 class=\"elementor-heading-title elementor-size-default\">EXPERTISE<\/h2>\t\t<\/div>\n\t\t\t\t<\/div>\n\t\t\t\t<div class=\"elementor-element elementor-element-3469e452 elementor-widget-divider--view-line elementor-widget elementor-widget-divider\" data-id=\"3469e452\" data-element_type=\"widget\" data-widget_type=\"divider.default\">\n\t\t\t\t<div class=\"elementor-widget-container\">\n\t\t\t\t\t<div class=\"elementor-divider\">\n\t\t\t<span class=\"elementor-divider-separator\">\n\t\t\t\t\t\t<\/span>\n\t\t<\/div>\n\t\t\t\t<\/div>\n\t\t\t\t<\/div>\n\t\t\t\t<div class=\"elementor-element elementor-element-1e0cf97d elementor-widget elementor-widget-text-editor\" data-id=\"1e0cf97d\" data-element_type=\"widget\" data-widget_type=\"text-editor.default\">\n\t\t\t\t<div class=\"elementor-widget-container\">\n\t\t\t\t\t\t\tProfessionals with over 32 years of experience in International Trade, Supply Chain, and Logistics for the Central American territory. Specialists in everything related to the sectors: Industry, Commerce, Technology, Telecommunications, Textile and Perishables. \t\t\t\t\t\t<\/div>\n\t\t\t\t<\/div>\n\t\t\t\t\t<\/div>\n\t\t<\/div>\n\t\t\t\t<div class=\"elementor-column elementor-col-50 elementor-top-column elementor-element elementor-element-627aeba8\" data-id=\"627aeba8\" data-element_type=\"column\">\n\t\t\t<div class=\"elementor-widget-wrap elementor-element-populated\">\n\t\t\t\t\t\t\t\t<div class=\"elementor-element elementor-element-44a221b2 elementor-widget elementor-widget-image-carousel\" data-id=\"44a221b2\" data-element_type=\"widget\" data-settings=\"{&quot;slides_to_show&quot;:&quot;1&quot;,&quot;navigation&quot;:&quot;none&quot;,&quot;autoplay_speed&quot;:3200,&quot;effect&quot;:&quot;fade&quot;,&quot;speed&quot;:750,&quot;autoplay&quot;:&quot;yes&quot;,&quot;pause_on_hover&quot;:&quot;yes&quot;,&quot;pause_on_interaction&quot;:&quot;yes&quot;,&quot;infinite&quot;:&quot;yes&quot;}\" data-widget_type=\"image-carousel.default\">\n\t\t\t\t<div class=\"elementor-widget-container\">\n\t\t\t\t\t<div class=\"elementor-image-carousel-wrapper swiper-container\" dir=\"ltr\">\n\t\t\t<div class=\"elementor-image-carousel swiper-wrapper\" aria-live=\"off\">\n\t\t\t\t\t\t\t\t<div class=\"swiper-slide\" role=\"group\" aria-roledescription=\"slide\" aria-label=\"1 of 3\"><figure class=\"swiper-slide-inner\"><img decoding=\"async\" class=\"swiper-slide-image\" src=\"https:\/\/www.kdrepresentaciones.com\/wp-content\/uploads\/2023\/01\/service2-5.png\" alt=\"service2 (5)\" \/><\/figure><\/div><div class=\"swiper-slide\" role=\"group\" aria-roledescription=\"slide\" aria-label=\"2 of 3\"><figure class=\"swiper-slide-inner\"><img decoding=\"async\" class=\"swiper-slide-image\" src=\"https:\/\/www.kdrepresentaciones.com\/wp-content\/uploads\/2023\/12\/service2-4.png\" alt=\"service2 (4)\" \/><\/figure><\/div><div class=\"swiper-slide\" role=\"group\" aria-roledescription=\"slide\" aria-label=\"3 of 3\"><figure class=\"swiper-slide-inner\"><img decoding=\"async\" class=\"swiper-slide-image\" src=\"https:\/\/www.kdrepresentaciones.com\/wp-content\/uploads\/2023\/01\/service2-3.png\" alt=\"service2 (3)\" \/><\/figure><\/div>\t\t\t<\/div>\n\t\t\t\t\t\t\t\n\t\t\t\t\t\t\t\t\t<\/div>\n\t\t\t\t<\/div>\n\t\t\t\t<\/div>\n\t\t\t\t\t<\/div>\n\t\t<\/div>\n\t\t\t\t\t\t\t<\/div>\n\t\t<\/section>\n\t\t\t\t<section class=\"elementor-section elementor-top-section elementor-element elementor-element-d2b40be elementor-section-stretched elementor-section-boxed elementor-section-height-default elementor-section-height-default\" data-id=\"d2b40be\" data-element_type=\"section\" data-settings=\"{&quot;stretch_section&quot;:&quot;section-stretched&quot;}\">\n\t\t\t\t\t\t\t<div class=\"elementor-background-overlay\"><\/div>\n\t\t\t\t\t\t\t<div class=\"elementor-container elementor-column-gap-default\">\n\t\t\t\t\t<div class=\"elementor-column elementor-col-100 elementor-top-column elementor-element elementor-element-c1a86e0\" data-id=\"c1a86e0\" data-element_type=\"column\">\n\t\t\t<div class=\"elementor-widget-wrap elementor-element-populated\">\n\t\t\t\t\t\t\t\t<div class=\"elementor-element elementor-element-fe8564d elementor-widget elementor-widget-eael-interactive-circle\" data-id=\"fe8564d\" data-element_type=\"widget\" data-widget_type=\"eael-interactive-circle.default\">\n\t\t\t\t<div class=\"elementor-widget-container\">\n\t\t\t        <div id=\"eael-interactive-circle-fe8564d\" class=\"eael-interactive-circle\" data-tabid=\"fe8564d\">\n\t\t\t                <div class=\"eael-circle-wrapper eael-interactive-circle-preset-1 eael-interactive-circle-event-click eael-circle-responsive-view\" data-animation=\"eael-interactive-circle-animation-0\" data-autoplay=\"0\" data-autoplay-interval=\"2000\">\n                    <div class=\"eael-circle-info\" data-items=\"3\">\n                        <div class=\"eael-circle-inner\">\n\t\t\t\t\t\t\t                                <div class=\"eael-circle-item elementor-repeater-item-8e1d424\">\n                                    <div aria-controls=\"eael-interactive-1\" tabindex=\"0\" class=\"eael-circle-btn active\" id=\"eael-circle-item-1\">\n                                        <div class=\"eael-circle-icon-shapes\">\n                                            <div class=\"eael-shape-1\"><\/div>\n                                            <div class=\"eael-shape-2\"><\/div>\n                                        <\/div>\n                                        <div class=\"eael-circle-btn-icon\">\n                                            <div class=\"eael-circle-icon-inner\">\n\t\t\t\t\t\t\t\t\t\t\t\t<span class=\"eael-circle-btn-txt\">VISION<\/span>                                            <\/div>\n                                        <\/div>\n                                    <\/div>\n                                    <div id=\"eael-interactive-1\" aria-labelledby=\"eael-circle-item-1\" class=\"eael-circle-btn-content eael-circle-item-1 active\">\n                                        <div class=\"eael-circle-content\">\n\t\t\t\t\t\t\t\t\t\t\t<h3><strong>OUR VISION<\/strong><\/h3><p>To be the leading Latin American company in logistics, recognized for exceeding our client's expectations and always promoting excellence.<\/p>                                        <\/div>\n                                    <\/div>\n                                <\/div>\n\n\t\t\t\t\t\t\t                                <div class=\"eael-circle-item elementor-repeater-item-c69649e\">\n                                    <div aria-controls=\"eael-interactive-2\" tabindex=\"0\" class=\"eael-circle-btn\" id=\"eael-circle-item-2\">\n                                        <div class=\"eael-circle-icon-shapes\">\n                                            <div class=\"eael-shape-1\"><\/div>\n                                            <div class=\"eael-shape-2\"><\/div>\n                                        <\/div>\n                                        <div class=\"eael-circle-btn-icon\">\n                                            <div class=\"eael-circle-icon-inner\">\n\t\t\t\t\t\t\t\t\t\t\t\t<span class=\"eael-circle-btn-txt\">MISSION<\/span>                                            <\/div>\n                                        <\/div>\n                                    <\/div>\n                                    <div id=\"eael-interactive-2\" aria-labelledby=\"eael-circle-item-2\" class=\"eael-circle-btn-content eael-circle-item-2\">\n                                        <div class=\"eael-circle-content\">\n\t\t\t\t\t\t\t\t\t\t\t<h3><strong>OUR MISSION<\/strong><\/h3><p>Our mission is to drive the growth and success of our clients through comprehensive and exceptional logistics solutions. We work with dedication and passion to overcome logistical challenges, providing a differentiated, reliable, and efficient service that achieves our expansion and the prosperity of our clients.<\/p>                                        <\/div>\n                                    <\/div>\n                                <\/div>\n\n\t\t\t\t\t\t\t                                <div class=\"eael-circle-item elementor-repeater-item-89db36b\">\n                                    <div aria-controls=\"eael-interactive-3\" tabindex=\"0\" class=\"eael-circle-btn\" id=\"eael-circle-item-3\">\n                                        <div class=\"eael-circle-icon-shapes\">\n                                            <div class=\"eael-shape-1\"><\/div>\n                                            <div class=\"eael-shape-2\"><\/div>\n                                        <\/div>\n                                        <div class=\"eael-circle-btn-icon\">\n                                            <div class=\"eael-circle-icon-inner\">\n\t\t\t\t\t\t\t\t\t\t\t\t<span class=\"eael-circle-btn-txt\">VALUES<\/span>                                            <\/div>\n                                        <\/div>\n                                    <\/div>\n                                    <div id=\"eael-interactive-3\" aria-labelledby=\"eael-circle-item-3\" class=\"eael-circle-btn-content eael-circle-item-3\">\n                                        <div class=\"eael-circle-content\">\n\t\t\t\t\t\t\t\t\t\t\t<h3><strong>OUR VALUES<\/strong><\/h3><p>Trust<\/p><p>Integrity<\/p><p>Diversity<\/p><p>Resilience<\/p><p>Passion for what we do.<\/p><p>Focused on our clients.<\/p><p>Corporate social responsibility<\/p><p>\u00a0<\/p>                                        <\/div>\n                                    <\/div>\n                                <\/div>\n\n\t\t\t\t\t\t\t\n                        <\/div>\n                    <\/div>\n                <\/div>\n\n\t\t\t\n        <\/div>\n\t\t\t<\/div>\n\t\t\t\t<\/div>\n\t\t\t\t\t<\/div>\n\t\t<\/div>\n\t\t\t\t\t\t\t<\/div>\n\t\t<\/section>\n\t\t\t\t<section class=\"elementor-section elementor-top-section elementor-element elementor-element-7a3781e elementor-section-full_width elementor-section-height-default elementor-section-height-default\" data-id=\"7a3781e\" data-element_type=\"section\">\n\t\t\t\t\t\t<div class=\"elementor-container elementor-column-gap-no\">\n\t\t\t\t\t<div class=\"elementor-column elementor-col-100 elementor-top-column elementor-element elementor-element-c2469a8\" data-id=\"c2469a8\" data-element_type=\"column\">\n\t\t\t<div class=\"elementor-widget-wrap elementor-element-populated\">\n\t\t\t\t\t\t\t\t<div class=\"elementor-element elementor-element-8de88a6 elementor-align-left elementor-widget elementor-widget-home-1-counter\" data-id=\"8de88a6\" data-element_type=\"widget\" data-widget_type=\"home-1-counter.default\">\n\t\t\t\t<div class=\"elementor-widget-container\">\n\t\t\t\n\t\t\t\t<section class=\"person-object pdt-110 pdb-80\" data-background=\"https:\/\/shtheme.org\/demosd\/logistek\/wp-content\/uploads\/2021\/04\/1.jpg\" data-overlay-dark=\"1\">\n\t\t\n\t\t\t<div class=\"section-content\">\n\n\t\t\t\t<div class=\"container\">\n\n\t\t\t\t\t<div class=\"row\">\n\n\t\t\t\t\t\t<div class=\"col-lg-6 col-xl-5 mrb-sm-110 mrb-lg-30\">\n\n\t\t\t\t\t\t\t<div class=\"request-a-call-back-form bg-white mrt--235 mrl--160\">\n\t\t\t\t\t\t\t\t\t\t\t\t\t\t\t\t<h2 class=\"mrt-0 mrb-40 solid-side-line\">Request a quote<\/h2>\n\t\t\t\t\t\t\t\t\n\t\t\t\t\t\t\t\t\t\t\t\t\t\t\t\t\n<div class=\"wpcf7 no-js\" id=\"wpcf7-f130-o1\" lang=\"en-US\" dir=\"ltr\">\n<div class=\"screen-reader-response\"><p role=\"status\" aria-live=\"polite\" aria-atomic=\"true\"><\/p> <ul><\/ul><\/div>\n<form action=\"\/en\/wp-json\/wp\/v2\/pages\/120#wpcf7-f130-o1\" method=\"post\" class=\"wpcf7-form init\" aria-label=\"Contact form\" novalidate=\"novalidate\" data-status=\"init\" data-trp-original-action=\"\/en\/wp-json\/wp\/v2\/pages\/120#wpcf7-f130-o1\">\n<div style=\"display: none;\">\n<input type=\"hidden\" name=\"_wpcf7\" value=\"130\" \/>\n<input type=\"hidden\" name=\"_wpcf7_version\" value=\"5.8.6\" \/>\n<input type=\"hidden\" name=\"_wpcf7_locale\" value=\"en_US\" \/>\n<input type=\"hidden\" name=\"_wpcf7_unit_tag\" value=\"wpcf7-f130-o1\" \/>\n<input type=\"hidden\" name=\"_wpcf7_container_post\" value=\"0\" \/>\n<input type=\"hidden\" name=\"_wpcf7_posted_data_hash\" value=\"\" \/>\n<\/div>\n<div>\n\t<div class=\"row\">\n\t\t<div class=\"col-lg-12\">\n\t\t\t<div class=\"form-group\">\n\t\t\t\t<p><span class=\"wpcf7-form-control-wrap\" data-name=\"your-name\"><input size=\"40\" class=\"wpcf7-form-control wpcf7-text wpcf7-validates-as-required form-control\" aria-required=\"true\" aria-invalid=\"false\" placeholder=\"Name\" value=\"\" type=\"text\" name=\"your-name\" \/><\/span>\n\t\t\t\t<\/p>\n\t\t\t<\/div>\n\t\t<\/div>\n\t\t<div class=\"col-lg-12\">\n\t\t\t<div class=\"form-group\">\n\t\t\t\t<p><span class=\"wpcf7-form-control-wrap\" data-name=\"your-phone\"><input size=\"40\" class=\"wpcf7-form-control wpcf7-text wpcf7-validates-as-required form-control\" aria-required=\"true\" aria-invalid=\"false\" placeholder=\"Phone\" value=\"\" type=\"text\" name=\"your-phone\" \/><\/span>\n\t\t\t\t<\/p>\n\t\t\t<\/div>\n\t\t<\/div>\n\t\t<div class=\"col-lg-12\">\n\t\t\t<div class=\"form-group\">\n\t\t\t\t<p><span class=\"wpcf7-form-control-wrap\" data-name=\"your-email\"><input size=\"40\" class=\"wpcf7-form-control wpcf7-email wpcf7-validates-as-required wpcf7-text wpcf7-validates-as-email form-control\" aria-required=\"true\" aria-invalid=\"false\" placeholder=\"E-mail\" value=\"\" type=\"email\" name=\"your-email\" \/><\/span>\n\t\t\t\t<\/p>\n\t\t\t<\/div>\n\t\t<\/div>\n\t\t<div class=\"col-lg-12\">\n\t\t\t<div class=\"form-group\">\n\t\t\t\t<p><span class=\"wpcf7-form-control-wrap\" data-name=\"Seleccionar\"><select class=\"wpcf7-form-control wpcf7-select wpcf7-validates-as-required custom-select-categories\" aria-required=\"true\" aria-invalid=\"false\" name=\"Seleccionar\"><option value=\"\">&#8212;Please choose an option&#8212;<\/option><option value=\"Distribuci\u00f3n\">Distribution<\/option><option value=\"Almacenaje\">Storage<\/option><option value=\"Transporte Mar\u00edtimo\">Ocean freight<\/option><option value=\"Aduanas\">Customs<\/option><option value=\"Transporte Intermodal\">Intermodal shipping<\/option><option value=\"Transporte Terrestre\">Ground Transportation<\/option><option value=\"Transporte A\u00e9reo\">Air freight<\/option><\/select><\/span>\n\t\t\t\t<\/p>\n\t\t\t<\/div>\n\t\t<\/div>\n\t\t<div class=\"col-lg-12\">\n\t\t\t<div class=\"form-group mrb-30\">\n\t\t\t\t<p><input class=\"wpcf7-form-control wpcf7-submit has-spinner cs-btn-one btn-primary-color btn-md\" type=\"submit\" value=\"Send request\" \/>\n\t\t\t\t<\/p>\n\t\t\t<\/div>\n\t\t<\/div>\n\t<\/div>\n<\/div><div class=\"wpcf7-response-output\" aria-hidden=\"true\"><\/div>\n<input type=\"hidden\" name=\"trp-form-language\" value=\"en\"\/><\/form>\n<\/div>\n\t\t\t\t\t\t\t\t\n\t\t\t\t\t\t\t<\/div>\n\n\t\t\t\t\t\t<\/div>\n\n\t\t\t\t\t\t<div class=\"col-lg-12 col-xl-7\">\n\n\t\t\t\t\t\t\t<div class=\"row\">\n\n\t\t\t\t\t\t\t\t\n\t\t\t\t\t\t\t\t\t<div class=\"col-md-6 col-lg-6 col-xl-6\">\n\n\t\t\t\t\t\t\t\t\t\t<div class=\"funfact js-tilt mrb-30\">\n\n\t\t\t\t\t\t\t\t\t\t\t\t\t\t\t\t\t\t\t\t\t\t\t<div class=\"icon\">\n\t\t\t\t\t\t\t\t\t\t\t\t\t<span class=\"webexflaticon flaticon-globe\"><\/span>\n\t\t\t\t\t\t\t\t\t\t\t\t<\/div>\n\t\t\t\t\t\t\t\t\t\t\t\n\t\t\t\t\t\t\t\t\t\t\t\t\t\t\t\t\t\t\t\t\t\t\t<h2 class=\"counter\">15<\/h2>\n\t\t\t\t\t\t\t\t\t\t\t\n\t\t\t\t\t\t\t\t\t\t\t\t\t\t\t\t\t\t\t\t\t\t\t<h5 class=\"title\">Countries <\/h5>\n\t\t\t\t\t\t\t\t\t\t\t\n\t\t\t\t\t\t\t\t\t\t<\/div>\n\n\t\t\t\t\t\t\t\t\t<\/div>\n\n\t\t\t\t\t\t\t\t\n\t\t\t\t\t\t\t\t\t<div class=\"col-md-6 col-lg-6 col-xl-6\">\n\n\t\t\t\t\t\t\t\t\t\t<div class=\"funfact js-tilt mrb-30\">\n\n\t\t\t\t\t\t\t\t\t\t\t\t\t\t\t\t\t\t\t\t\t\t\t<div class=\"icon\">\n\t\t\t\t\t\t\t\t\t\t\t\t\t<span class=\"webexflaticon flaticon-man-2\"><\/span>\n\t\t\t\t\t\t\t\t\t\t\t\t<\/div>\n\t\t\t\t\t\t\t\t\t\t\t\n\t\t\t\t\t\t\t\t\t\t\t\t\t\t\t\t\t\t\t\t\t\t\t<h2 class=\"counter\">10<\/h2>\n\t\t\t\t\t\t\t\t\t\t\t\n\t\t\t\t\t\t\t\t\t\t\t\t\t\t\t\t\t\t\t\t\t\t\t<h5 class=\"title\">Strategic alliances <\/h5>\n\t\t\t\t\t\t\t\t\t\t\t\n\t\t\t\t\t\t\t\t\t\t<\/div>\n\n\t\t\t\t\t\t\t\t\t<\/div>\n\n\t\t\t\t\t\t\t\t\n\t\t\t\t\t\t\t<\/div>\n\n\t\t\t\t\t\t<\/div>\n\n\t\t\t\t\t\t<div class=\"col\"><\/div>\n\n\t\t\t\t\t<\/div>\n\n\t\t\t\t<\/div>\n\n\t\t\t<\/div>\n\n\t\t<\/section>\n\t\t\t<\/div>\n\t\t\t\t<\/div>\n\t\t\t\t\t<\/div>\n\t\t<\/div>\n\t\t\t\t\t\t\t<\/div>\n\t\t<\/section>\n\t\t\t\t\t\t\t<\/div>","protected":false},"excerpt":{"rendered":"<p>\u00bfQui\u00e9nes Somos? 30+A\u00f1os de experiencia nos avalan Nuestra empresa K&amp;D Representaciones Somos una empresa familiar que brinda soluciones log\u00edsticas integrales dise\u00f1adas para satisfacer las necesidades espec\u00edficas de cada cliente. Ofrecemos un servicio altamente personalizado, transparente y orientado a resultados, nos comprometemos a optimizar sus operaciones, reducir costos y mejorar la eficiencia de su cadena de [&hellip;]<\/p>","protected":false},"author":1,"featured_media":0,"parent":0,"menu_order":0,"comment_status":"closed","ping_status":"closed","template":"elementor_header_footer","meta":{"inline_featured_image":false,"footnotes":""},"class_list":["post-120","page","type-page","status-publish","hentry"],"_links":{"self":[{"href":"https:\/\/www.kdrepresentaciones.com\/en\/wp-json\/wp\/v2\/pages\/120","targetHints":{"allow":["GET"]}}],"collection":[{"href":"https:\/\/www.kdrepresentaciones.com\/en\/wp-json\/wp\/v2\/pages"}],"about":[{"href":"https:\/\/www.kdrepresentaciones.com\/en\/wp-json\/wp\/v2\/types\/page"}],"author":[{"embeddable":true,"href":"https:\/\/www.kdrepresentaciones.com\/en\/wp-json\/wp\/v2\/users\/1"}],"replies":[{"embeddable":true,"href":"https:\/\/www.kdrepresentaciones.com\/en\/wp-json\/wp\/v2\/comments?post=120"}],"version-history":[{"count":53,"href":"https:\/\/www.kdrepresentaciones.com\/en\/wp-json\/wp\/v2\/pages\/120\/revisions"}],"predecessor-version":[{"id":844,"href":"https:\/\/www.kdrepresentaciones.com\/en\/wp-json\/wp\/v2\/pages\/120\/revisions\/844"}],"wp:attachment":[{"href":"https:\/\/www.kdrepresentaciones.com\/en\/wp-json\/wp\/v2\/media?parent=120"}],"curies":[{"name":"wp","href":"https:\/\/api.w.org\/{rel}","templated":true}]}}